{"id":1170,"date":"2023-09-14T12:24:24","date_gmt":"2023-09-14T12:24:24","guid":{"rendered":"https:\/\/www.dbo.com.tr\/?page_id=1170"},"modified":"2024-09-30T11:35:56","modified_gmt":"2024-09-30T11:35:56","slug":"blog","status":"publish","type":"page","link":"https:\/\/www.dbo.com.tr\/en\/blog\/","title":{"rendered":"Blog"},"content":{"rendered":"<div data-elementor-type=\"wp-page\" data-elementor-id=\"1170\" class=\"elementor elementor-1170\" data-elementor-post-type=\"page\">\n\t\t\t\t<div class=\"elementor-element elementor-element-67cd2c6 e-flex e-con-boxed e-con e-parent\" data-id=\"67cd2c6\" data-element_type=\"container\" data-e-type=\"container\">\n\t\t\t\t\t<div class=\"e-con-inner\">\n\t\t\t\t<div class=\"elementor-element elementor-element-922d1e1 elementor-widget elementor-widget-heading\" data-id=\"922d1e1\" data-element_type=\"widget\" data-e-type=\"widget\" data-widget_type=\"heading.default\">\n\t\t\t\t<div class=\"elementor-widget-container\">\n\t\t\t\t\t<h2 class=\"elementor-heading-title elementor-size-default\">Blog<\/h2>\t\t\t\t<\/div>\n\t\t\t\t<\/div>\n\t\t\t\t<div class=\"elementor-element elementor-element-59ee1d8 elementor-widget-divider--view-line elementor-widget elementor-widget-divider\" data-id=\"59ee1d8\" data-element_type=\"widget\" data-e-type=\"widget\" data-widget_type=\"divider.default\">\n\t\t\t\t<div class=\"elementor-widget-container\">\n\t\t\t\t\t\t\t<div class=\"elementor-divider\">\n\t\t\t<span class=\"elementor-divider-separator\">\n\t\t\t\t\t\t<\/span>\n\t\t<\/div>\n\t\t\t\t\t\t<\/div>\n\t\t\t\t<\/div>\n\t\t\t\t\t<\/div>\n\t\t\t\t<\/div>\n\t\t<div class=\"elementor-element elementor-element-c6d948b e-flex e-con-boxed e-con e-parent\" data-id=\"c6d948b\" data-element_type=\"container\" data-e-type=\"container\">\n\t\t\t\t\t<div class=\"e-con-inner\">\n\t\t\t\t<div class=\"elementor-element elementor-element-9acd4dc raven-advaned-posts-equal-height-yes raven-hover-scale-down raven-button-align-left elementor-widget elementor-widget-raven-advanced-posts\" data-id=\"9acd4dc\" data-element_type=\"widget\" data-e-type=\"widget\" data-settings=\"{&quot;featured_image_hover&quot;:&quot;scale-down&quot;,&quot;load_effect&quot;:&quot;scale-up&quot;,&quot;pagination_type&quot;:&quot;infinite_load&quot;,&quot;general_layout&quot;:&quot;grid&quot;,&quot;columns&quot;:&quot;3&quot;,&quot;columns_tablet&quot;:&quot;2&quot;,&quot;columns_mobile&quot;:&quot;1&quot;,&quot;query_posts_per_page&quot;:6,&quot;query_orderby&quot;:&quot;date&quot;,&quot;query_offset&quot;:0}\" data-widget_type=\"raven-advanced-posts.default\">\n\t\t\t\t<div class=\"elementor-widget-container\">\n\t\t\t\t\t\t\t<div class=\"raven-posts raven-posts-grid\">\n\t\t\t\t\t\t<div class=\"advanced-posts-content content-layout-under-image raven-grid raven-grid-3 raven-grid-mobile-1 raven-grid-tablet-2 raven-grid-laptop- scale-down\" data-post-id=\"1170\" data-archive-query=\"\">\n\t\t\t\t<div class=\"raven-posts-item raven-grid-item elementor-animation-grow\"><div class=\"raven-post-wrapper raven-posts-load-effect raven-post-effect-scale-up\"><div class=\"raven-post\"><div class=\"raven-post-image-wrap\"><a class=\"raven-post-image raven-image-fit\" href=\"https:\/\/www.dbo.com.tr\/en\/dbodan-oracle-ve-ifs-altyapilari-icin-yapay-zeka-devrimi-sorunlar-kapinizi-calmadan-cozum-hazir\/\"> <img fetchpriority=\"high\" decoding=\"async\" width=\"800\" height=\"400\" src=\"https:\/\/www.dbo.com.tr\/wp-content\/uploads\/2025\/09\/ai.jpg\" class=\"attachment-full size-full wp-image-1503\" alt=\"\" srcset=\"https:\/\/www.dbo.com.tr\/wp-content\/uploads\/2025\/09\/ai.jpg 800w, https:\/\/www.dbo.com.tr\/wp-content\/uploads\/2025\/09\/ai-300x150.jpg 300w, https:\/\/www.dbo.com.tr\/wp-content\/uploads\/2025\/09\/ai-768x384.jpg 768w, https:\/\/www.dbo.com.tr\/wp-content\/uploads\/2025\/09\/ai-18x9.jpg 18w, https:\/\/www.dbo.com.tr\/wp-content\/uploads\/2025\/09\/ai-200x100.jpg 200w\" sizes=\"(max-width: 800px) 100vw, 800px\" \/><span class=\"raven-post-image-overlay\"><\/span><\/a><\/div><div class=\"raven-post-content-container\"><div class=\"raven-post-content\" data-id=\"1501\"><h3 class=\"raven-post-title\"><a class=\"raven-post-title-link\" href=\"https:\/\/www.dbo.com.tr\/en\/dbodan-oracle-ve-ifs-altyapilari-icin-yapay-zeka-devrimi-sorunlar-kapinizi-calmadan-cozum-hazir\/\">DBO&#8217;dan Oracle ve IFS Altyap\u0131lar\u0131 i\u00e7in Yapay Zeka Devrimi: Sorunlar Kap\u0131n\u0131z\u0131 \u00c7almadan \u00c7\u00f6z\u00fcm Haz\u0131r<\/a><\/h3><div class=\"raven-post-excerpt\">Dijital d\u00f6n\u00fc\u015f\u00fcm\u00fcn h\u0131z kesmeden devam etti\u011fi g\u00fcn\u00fcm\u00fcz i\u015f d\u00fcnyas\u0131nda, Oracle veritabanlar\u0131 \u00fczerinde \u00e7al\u0131\u015fan IFS gibi kritik ERP sistemleri,<\/div><div class=\"raven-post-read-more\"><a class=\"raven-post-button\" href=\"https:\/\/www.dbo.com.tr\/en\/dbodan-oracle-ve-ifs-altyapilari-icin-yapay-zeka-devrimi-sorunlar-kapinizi-calmadan-cozum-hazir\/\"><span class=\"raven-post-button-text\">Read More<\/span><\/a><\/div><\/div><\/div><\/div><\/div><\/div><div class=\"raven-posts-item raven-grid-item elementor-animation-grow\"><div class=\"raven-post-wrapper raven-posts-load-effect raven-post-effect-scale-up\"><div class=\"raven-post\"><div class=\"raven-post-image-wrap\"><a class=\"raven-post-image raven-image-fit\" href=\"https:\/\/www.dbo.com.tr\/en\/neden-danismanliklardan-hizmet-almaliyiz\/\"> <img decoding=\"async\" width=\"800\" height=\"400\" src=\"https:\/\/www.dbo.com.tr\/wp-content\/uploads\/2023\/10\/oracle-database-nedir-banner-1.png\" class=\"attachment-full size-full wp-image-1302\" alt=\"\" srcset=\"https:\/\/www.dbo.com.tr\/wp-content\/uploads\/2023\/10\/oracle-database-nedir-banner-1.png 800w, https:\/\/www.dbo.com.tr\/wp-content\/uploads\/2023\/10\/oracle-database-nedir-banner-1-300x150.png 300w, https:\/\/www.dbo.com.tr\/wp-content\/uploads\/2023\/10\/oracle-database-nedir-banner-1-768x384.png 768w, https:\/\/www.dbo.com.tr\/wp-content\/uploads\/2023\/10\/oracle-database-nedir-banner-1-18x9.png 18w, https:\/\/www.dbo.com.tr\/wp-content\/uploads\/2023\/10\/oracle-database-nedir-banner-1-200x100.png 200w\" sizes=\"(max-width: 800px) 100vw, 800px\" \/><span class=\"raven-post-image-overlay\"><\/span><\/a><\/div><div class=\"raven-post-content-container\"><div class=\"raven-post-content\" data-id=\"1301\"><h3 class=\"raven-post-title\"><a class=\"raven-post-title-link\" href=\"https:\/\/www.dbo.com.tr\/en\/neden-danismanliklardan-hizmet-almaliyiz\/\">Neden Dan\u0131\u015fmanl\u0131klardan Hizmet Almal\u0131y\u0131z?<\/a><\/h3><div class=\"raven-post-excerpt\">G\u00fcn\u00fcm\u00fcz\u00fcn h\u0131zla de\u011fi\u015fen dijital d\u00fcnyas\u0131na ayak uydurmak, art\u0131k bir se\u00e7enek de\u011fil, zorunluluk haline geldi. Bu durum \u015firketler i\u00e7in<\/div><div class=\"raven-post-read-more\"><a class=\"raven-post-button\" href=\"https:\/\/www.dbo.com.tr\/en\/neden-danismanliklardan-hizmet-almaliyiz\/\"><span class=\"raven-post-button-text\">Read More<\/span><\/a><\/div><\/div><\/div><\/div><\/div><\/div><div class=\"raven-posts-item raven-grid-item elementor-animation-grow\"><div class=\"raven-post-wrapper raven-posts-load-effect raven-post-effect-scale-up\"><div class=\"raven-post\"><div class=\"raven-post-image-wrap\"><a class=\"raven-post-image raven-image-fit\" href=\"https:\/\/www.dbo.com.tr\/en\/oracle-database-nedir-oracle-databasein-calisma-yapisi-nedir\/\"> <img decoding=\"async\" width=\"800\" height=\"400\" src=\"https:\/\/www.dbo.com.tr\/wp-content\/uploads\/2023\/09\/oracle-database-nedir-banner.png\" class=\"attachment-full size-full wp-image-1293\" alt=\"\" srcset=\"https:\/\/www.dbo.com.tr\/wp-content\/uploads\/2023\/09\/oracle-database-nedir-banner.png 800w, https:\/\/www.dbo.com.tr\/wp-content\/uploads\/2023\/09\/oracle-database-nedir-banner-300x150.png 300w, https:\/\/www.dbo.com.tr\/wp-content\/uploads\/2023\/09\/oracle-database-nedir-banner-768x384.png 768w, https:\/\/www.dbo.com.tr\/wp-content\/uploads\/2023\/09\/oracle-database-nedir-banner-18x9.png 18w, https:\/\/www.dbo.com.tr\/wp-content\/uploads\/2023\/09\/oracle-database-nedir-banner-200x100.png 200w\" sizes=\"(max-width: 800px) 100vw, 800px\" \/><span class=\"raven-post-image-overlay\"><\/span><\/a><\/div><div class=\"raven-post-content-container\"><div class=\"raven-post-content\" data-id=\"1296\"><h3 class=\"raven-post-title\"><a class=\"raven-post-title-link\" href=\"https:\/\/www.dbo.com.tr\/en\/oracle-database-nedir-oracle-databasein-calisma-yapisi-nedir\/\">Oracle Veritaban\u0131 (Database) nedir? Oracle Veritaban\u0131n Database\u2019in \u00c7al\u0131\u015fma Yap\u0131s\u0131 Nedir?<\/a><\/h3><div class=\"raven-post-excerpt\">Oracle Database, Oracle firmas\u0131 taraf\u0131ndan geli\u015ftirilen ve y\u00f6netilen bir veritaban\u0131 y\u00f6netim sistemidir. G\u00fcnl\u00fck hayatta s\u0131k\u00e7a kar\u015f\u0131la\u015f\u0131lan bir veritaban\u0131<\/div><div class=\"raven-post-read-more\"><a class=\"raven-post-button\" href=\"https:\/\/www.dbo.com.tr\/en\/oracle-database-nedir-oracle-databasein-calisma-yapisi-nedir\/\"><span class=\"raven-post-button-text\">Read More<\/span><\/a><\/div><\/div><\/div><\/div><\/div><\/div><div class=\"raven-posts-item raven-grid-item elementor-animation-grow\"><div class=\"raven-post-wrapper raven-posts-load-effect raven-post-effect-scale-up\"><div class=\"raven-post\"><div class=\"raven-post-image-wrap\"><a class=\"raven-post-image raven-image-fit\" href=\"https:\/\/www.dbo.com.tr\/en\/yonetilen-yerel-bulut-tercih-etmek-icin-9-neden\/\"> <img loading=\"lazy\" decoding=\"async\" width=\"800\" height=\"400\" src=\"https:\/\/www.dbo.com.tr\/wp-content\/uploads\/2023\/09\/dbo-blog.jpeg\" class=\"attachment-full size-full wp-image-1197\" alt=\"\" srcset=\"https:\/\/www.dbo.com.tr\/wp-content\/uploads\/2023\/09\/dbo-blog.jpeg 800w, https:\/\/www.dbo.com.tr\/wp-content\/uploads\/2023\/09\/dbo-blog-300x150.jpeg 300w, https:\/\/www.dbo.com.tr\/wp-content\/uploads\/2023\/09\/dbo-blog-768x384.jpeg 768w, https:\/\/www.dbo.com.tr\/wp-content\/uploads\/2023\/09\/dbo-blog-200x100.jpeg 200w\" sizes=\"(max-width: 800px) 100vw, 800px\" \/><span class=\"raven-post-image-overlay\"><\/span><\/a><\/div><div class=\"raven-post-content-container\"><div class=\"raven-post-content\" data-id=\"1224\"><h3 class=\"raven-post-title\"><a class=\"raven-post-title-link\" href=\"https:\/\/www.dbo.com.tr\/en\/yonetilen-yerel-bulut-tercih-etmek-icin-9-neden\/\">9 REASONS TO CHOOSE MANAGED LOCAL CLOUD<\/a><\/h3><div class=\"raven-post-excerpt\">Developing technology and digital transformation are fundamentally changing the business world.<\/div><div class=\"raven-post-read-more\"><a class=\"raven-post-button\" href=\"https:\/\/www.dbo.com.tr\/en\/yonetilen-yerel-bulut-tercih-etmek-icin-9-neden\/\"><span class=\"raven-post-button-text\">Read More<\/span><\/a><\/div><\/div><\/div><\/div><\/div><\/div>\t\t\t<\/div>\n\t\t\t<span class=\"raven-infinite-load\"><\/span>\t\t<\/div>\n\t\t\t\t\t\t<\/div>\n\t\t\t\t<\/div>\n\t\t\t\t\t<\/div>\n\t\t\t\t<\/div>\n\t\t\t\t<\/div>","protected":false},"excerpt":{"rendered":"<p>Blog Neden Dan\u0131\u015fmanl\u0131klardan Hizmet Almal\u0131y\u0131z? G\u00fcn\u00fcm\u00fcz\u00fcn h\u0131zla de\u011fi\u015fen dijital d\u00fcnyas\u0131na ayak uydurmak, art\u0131k bir se\u00e7enek de\u011fil, zorunluluk haline geldi. Bu durum \u015firketler i\u00e7inDevam\u0131n\u0131 Oku Oracle Veritaban\u0131 (Database) nedir? Oracle Veritaban\u0131n Database\u2019in \u00c7al\u0131\u015fma Yap\u0131s\u0131 Nedir? Oracle Database, Oracle firmas\u0131 taraf\u0131ndan geli\u015ftirilen ve y\u00f6netilen bir veritaban\u0131 y\u00f6netim sistemidir. G\u00fcnl\u00fck hayatta s\u0131k\u00e7a kar\u015f\u0131la\u015f\u0131lan bir veritaban\u0131Devam\u0131n\u0131 Oku Y\u00d6NET\u0130LEN YEREL [&hellip;]<\/p>\n","protected":false},"author":1,"featured_media":0,"parent":0,"menu_order":0,"comment_status":"closed","ping_status":"closed","template":"elementor_header_footer","meta":{"_acf_changed":false,"footnotes":""},"class_list":["post-1170","page","type-page","status-publish","hentry"],"acf":[],"_links":{"self":[{"href":"https:\/\/www.dbo.com.tr\/en\/wp-json\/wp\/v2\/pages\/1170","targetHints":{"allow":["GET"]}}],"collection":[{"href":"https:\/\/www.dbo.com.tr\/en\/wp-json\/wp\/v2\/pages"}],"about":[{"href":"https:\/\/www.dbo.com.tr\/en\/wp-json\/wp\/v2\/types\/page"}],"author":[{"embeddable":true,"href":"https:\/\/www.dbo.com.tr\/en\/wp-json\/wp\/v2\/users\/1"}],"replies":[{"embeddable":true,"href":"https:\/\/www.dbo.com.tr\/en\/wp-json\/wp\/v2\/comments?post=1170"}],"version-history":[{"count":38,"href":"https:\/\/www.dbo.com.tr\/en\/wp-json\/wp\/v2\/pages\/1170\/revisions"}],"predecessor-version":[{"id":1455,"href":"https:\/\/www.dbo.com.tr\/en\/wp-json\/wp\/v2\/pages\/1170\/revisions\/1455"}],"wp:attachment":[{"href":"https:\/\/www.dbo.com.tr\/en\/wp-json\/wp\/v2\/media?parent=1170"}],"curies":[{"name":"wp","href":"https:\/\/api.w.org\/{rel}","templated":true}]}}